{"id":253,"date":"2022-03-26T16:23:12","date_gmt":"2022-03-26T16:23:12","guid":{"rendered":"https:\/\/www.sunmarineibiza.com\/wp\/\/?page_id=253"},"modified":"2025-10-14T10:52:00","modified_gmt":"2025-10-14T10:52:00","slug":"notre-passion-la-location-de-yachts-de-luxe-a-ibiza","status":"publish","type":"page","link":"https:\/\/www.sunmarineibiza.com\/fr\/notre-passion-la-location-de-yachts-de-luxe-a-ibiza\/","title":{"rendered":"&#8211; Notre passion: la location de yachts de luxe \u00e0 Ibiza"},"content":{"rendered":"<h2>Nous allons tr\u00e8s rapidement d\u00e9finir la notion de yacht de luxe car souvent nous devons r\u00e9pondre \u00e0 la question.<\/h2>\n<p><strong>Qu\u2019est-ce qu\u2019un yacht de luxe ?<\/strong><\/p>\n<p>Il s\u2019agit d\u2019un bateau de plaisance \u00e0 voile ou \u00e0 moteur ;\u00a0 dans l\u2019industrie du yachting traditionnellement, le terme \u00ab yacht \u00bb est utilis\u00e9 g\u00e9n\u00e9ralement \u00e0 partir de 16 m\u00e8tres de long, celui de\u00a0 \u00ab super-yacht \u00bb \u00e0 partir de 40-45 m\u00e8tres, de \u00ab m\u00e9ga-yacht \u00bb voire \u00ab giga-yacht \u00bb au-del\u00e0 de 60 m\u00e8tres. La longueur d\u2019un yacht s\u2019exprime en pieds.<\/p>\n<p>Chez \u00a0SunMarine\u00ae vous trouverez dans notre flotte des <a href=\"\/fr\/location-de-bateau-ibiza-formentera\/\">yachts et super-yacht<\/a>\u00a0de luxe \u00e0 Ibiza (bas\u00e9s dans un port \u00e0 Ibiza).<\/p>\n<p><strong><img loading=\"lazy\" decoding=\"async\" class=\"alignnone size-full wp-image-617\" src=\"https:\/\/www.sunmarineibiza.com\/wp-content\/uploads\/2022\/04\/tecnomar-44-for-sale-in-Ibiza\" alt=\"tecnomar 44 en vente \u00e0 ibiza\" width=\"760\" height=\"424\" srcset=\"https:\/\/www.sunmarineibiza.com\/wp-content\/uploads\/2022\/04\/tecnomar-44-for-sale-in-Ibiza 760w, https:\/\/www.sunmarineibiza.com\/wp-content\/uploads\/2022\/04\/tecnomar-44-for-sale-in-Ibiza-300x167. 300w\" sizes=\"auto, (max-width: 760px) 100vw, 760px\" \/><\/strong><\/p>\n<p>Affili\u00e9s \u00e0 des organisations professionnelles qui nous permettent d\u2019acc\u00e9der \u00e0 des bases de donn\u00e9es mondiales,\u00a0 nous sommes r\u00e9guli\u00e8rement sollicit\u00e9s par des clients fid\u00e8les pour trouver le <strong>m\u00e9ga-yacht de luxe de leur r\u00eave<\/strong>. Parce que la confiance s\u2019est install\u00e9e au fil des ann\u00e9es ils nous demandent d\u2019organiser et suivre leur croisi\u00e8re dans les \u00eeles, il s\u2019agit alors pour nous \u00e0 la fois d\u2019un challenge et d\u2019une mission tr\u00e8s excitante . Chaque saison nous avons ainsi la grande chance d\u2019organiser\u00a0 pour des <strong>personnalit\u00e9s sportives ou du monde des affaires<\/strong> une ou deux croisi\u00e8res sur un <strong>luxueux super yacht<\/strong> de plus de 45 m\u00e8tres.<\/p>\n<p>Cela implique de bien conna\u00eetre leur d\u00e9finition du luxe. La vie sur un bateau m\u00eame\u00a0 extr\u00eamement spacieux n\u2019est pas la m\u00eame qu\u2019\u00e0 terre. Notre r\u00f4le,\u00a0 est de d\u00e9finir les crit\u00e8res, d\u2019aller visiter ces luxueux yachts dans leur pays et surtout rencontrer le capitaine, c\u2019est lui le chef d\u2019orchestre qui donnera le <strong>ton de la croisi\u00e8re.<\/strong><\/p>\n<p><img loading=\"lazy\" decoding=\"async\" class=\"alignnone wp-image-613 size-full\" src=\"https:\/\/www.sunmarineibiza.com\/wp-content\/uploads\/2022\/04\/01-3-1.jpg\" alt=\"Nous travaillons des fournisseurs qui offrent une excellente qualit\u00e9 de produits locaux\" width=\"800\" height=\"445\" srcset=\"https:\/\/www.sunmarineibiza.com\/wp-content\/uploads\/2022\/04\/01-3-1.jpg 800w, https:\/\/www.sunmarineibiza.com\/wp-content\/uploads\/2022\/04\/01-3-1-300x167.jpg 300w, https:\/\/www.sunmarineibiza.com\/wp-content\/uploads\/2022\/04\/01-3-1-768x427.jpg 768w\" sizes=\"auto, (max-width: 800px) 100vw, 800px\" \/><\/p>\n<h3>Qui n\u2019a jamais r\u00eav\u00e9 d\u2019un h\u00f4tel 5 \u00e9toiles sur la mer ?<\/h3>\n<p>A Ibiza et dans les Bal\u00e9ares chaque \u00e9t\u00e9 nous voyons arriver des Super Yachts d\u00e9passant \u00a0r\u00e9guli\u00e8rement les 60 m\u00e8tres en longueur. Ces exceptionnelles unit\u00e9s abritent des caves \u00e0 vin exceptionnelles, des salles de cin\u00e9ma, parfois terrain de basket ou H\u00e9licopt\u00e8re mais ils peuvent causer des contrari\u00e9t\u00e9s \u00e0 leurs propri\u00e9taires. Souvent trop imposants pour profiter des magnifiques port comme Marina Ibiza, ils doivent s\u2019ancrer au mouillage (loin des c\u00f4tes)\u00a0 ou dans un port commercial pas tr\u00e8s glamour\u2026 Pour d\u00e9couvrir les plus <a href=\"\/fr\/les-plus-beaux-mouillages-dibiza-et-formentera\/\">belles criques<\/a>\u00a0les passagers montent \u00e0 bord d\u2019annexe de moins de 15 m\u00e8tres. Dans notre flotte vous d\u00e9couvrirez des yachts de luxe \u00e0 Ibiza (amarr\u00e9s \u00e0 Marina Ibiza ou Marina Botafoch) \u00e0 partir de 20 m\u00e8tres sur lesquels vous pourrez vivre des <strong>croisi\u00e8res de r\u00eave<\/strong> pour une capacit\u00e9 maximale de 12 personnes plus \u00e9quipage.<\/p>\n<p>Vous trouvez une offre pl\u00e9thorique lors de vos recherches sur internet lorsque vous saisissez \u00a0<strong>location de luxueux yachts \u00e0 Ibiza<\/strong> mais sachez que cette activit\u00e9 requi\u00e8re un grand professionnalisme et un r\u00e9seau sur les \u00eeles. Assurez-vous que le loueur est sur place et qu\u2019il conna\u00eet le bateau et son \u00e9quipage. Avoir un interlocuteur sur place vous permet d\u2019\u00eatre assur\u00e9 d\u2019un excellent suivi de votre croisi\u00e8re. Chez SunMarine, nous sommes en contact permanent avec les capitaines pour les ravitaillements de nourriture , pour les r\u00e9servations dans les clubs et restaurants, pour les r\u00e9servations d\u2019amarres hors port de base, et pour la multitude d\u2019 autres services n\u00e9cessaires \u00e0 bord. Une croisi\u00e8re r\u00e9ussie est une addition d\u2019ingr\u00e9dients.<\/p>\n<h3>Combien coute la location d\u2019 un yacht de luxe \u00e0 Ibiza ?<\/h3>\n<p>Il est difficile de donner une fourchette, tout d\u00e9pend de la marque, de l\u2019ann\u00e9e de construction, un vieux SUNSEEKER de 20 m\u00e8tres des ann\u00e9es 90 m\u00eame r\u00e9form\u00e9 ne doit pas couter plus de 3500 euros la journ\u00e9e, par contre un <a href=\"https:\/\/www.sunmarineibiza.com\/fr\/location-bateau-sunseeker-predator-28m-ibiza\/\">SUNSEEKER 28 m\u00e8tres<\/a> ou un <a href=\"https:\/\/www.sunmarineibiza.com\/fr\/location-bateau-sunseeker-manhattan-66-21m-formentera\/\">SUNSEEKER MANHATTAN 66<\/a> \u00a0r\u00e9cent couteront plus du \u00a0double . Vous devez aussi savoir si l\u2019\u00e9quipage travaille toute l\u2019ann\u00e9e sur le yacht pour le maintenir dans un \u00e9tat exceptionnel ou bien si il s\u2019agit d\u2019\u00e9quipiers saisonniers (attention au turn-over l\u2019\u00e9t\u00e9 dans ce cas). Par ailleurs, il est important de savoir o\u00f9 est amarr\u00e9 le bateau. Dans quel port ? Marina Ibiza est le port le plus luxueux de la m\u00e9diterran\u00e9e, une amarre dans ce port coute tr\u00e8s cher au propri\u00e9taire. Si le bateau est au mouillage, \u00e9videmment le cout de la location doit \u00eatre au minimum 30 % moins ch\u00e8re. Le plus simple est de poser ces questions au loueur, l\u2019id\u00e9al \u00e9tant de louer le Yacht de luxe \u00e0 Ibiza \u00e0 une entreprise qui le g\u00e8re. En r\u00e9sum\u00e9 les propri\u00e9taires ne gagnent pas d\u2019argent avec la location, mais cela leur permet de r\u00e9duire les couts et surtout de maintenir le Yacht dans des conditions optimales tout au long de l\u2019ann\u00e9e. Chez SunMarine nous ne louons que des yachts appartenant \u00e0 des propri\u00e9taires priv\u00e9s qui ont fait le choix de mettre leur bateau en location, nous ne sommes pas propri\u00e9taire des yachts que nous louons. Certaines entreprises \u00a0\u00a0\u00a0offrent un service de location de Yachts de luxe leur appartenant, ils investissent dans des unit\u00e9s d\u2019occasion plus ou moins r\u00e9centes, ces bateaux n\u2019offrent jamais la m\u00eame qualit\u00e9 de service que ceux appartenant \u00e0 des propri\u00e9taires, nous vous conseillons de ne pas les louer pour des croisi\u00e8res.<\/p>\n","protected":false},"excerpt":{"rendered":"<p>Nous allons tr\u00e8s rapidement d\u00e9finir la notion de yacht de luxe car souvent nous devons r\u00e9pondre \u00e0 la question. Qu\u2019est-ce qu\u2019un yacht de luxe ? Il s\u2019agit d\u2019un bateau de plaisance \u00e0 voile ou \u00e0 moteur ;\u00a0 dans l\u2019industrie du yachting traditionnellement, le terme \u00ab yacht \u00bb est utilis\u00e9 g\u00e9n\u00e9ralement \u00e0 partir de 16 m\u00e8tres [&hellip;]<\/p>\n","protected":false},"author":1,"featured_media":606,"parent":0,"menu_order":0,"comment_status":"closed","ping_status":"closed","template":"pagina-footer.php","meta":{"_acf_changed":false,"footnotes":""},"class_list":["post-253","page","type-page","status-publish","has-post-thumbnail","hentry"],"acf":[],"yoast_head":"<!-- This site is optimized with the Yoast SEO plugin v27.4 - https:\/\/yoast.com\/product\/yoast-seo-wordpress\/ -->\n<title>Location de Yachts de luxe \u00e0 IBIZA - SunMarine\u00ae Ibiza<\/title>\n<meta name=\"description\" content=\"Depuis 25 ans sommes sp\u00e9cialis\u00e9s dans la location de M\u00e9ga Yachts, Super Yachts et Yachts de Luxe \u00e0 IBIZA - Confiez- nous l\u2019organisation de votre croisi\u00e8re I SunMarine\u00ae\" \/>\n<meta name=\"robots\" content=\"index, follow, max-snippet:-1, max-image-preview:large, max-video-preview:-1\" \/>\n<link rel=\"canonical\" href=\"https:\/\/www.sunmarineibiza.com\/fr\/notre-passion-la-location-de-yachts-de-luxe-a-ibiza\/\" \/>\n<meta property=\"og:locale\" content=\"fr_FR\" \/>\n<meta property=\"og:type\" content=\"article\" \/>\n<meta property=\"og:title\" content=\"Location de Yachts de luxe \u00e0 IBIZA - SunMarine\u00ae Ibiza\" \/>\n<meta property=\"og:description\" content=\"Depuis 25 ans sommes sp\u00e9cialis\u00e9s dans la location de M\u00e9ga Yachts, Super Yachts et Yachts de Luxe \u00e0 IBIZA - Confiez- nous l\u2019organisation de votre croisi\u00e8re I SunMarine\u00ae\" \/>\n<meta property=\"og:url\" content=\"https:\/\/www.sunmarineibiza.com\/fr\/notre-passion-la-location-de-yachts-de-luxe-a-ibiza\/\" \/>\n<meta property=\"og:site_name\" content=\"SunMarine\u00ae Ibiza\" \/>\n<meta property=\"article:publisher\" content=\"https:\/\/www.facebook.com\/ibizasunmarine\/\" \/>\n<meta property=\"article:modified_time\" content=\"2025-10-14T10:52:00+00:00\" \/>\n<meta property=\"og:image\" content=\"https:\/\/www.sunmarineibiza.com\/wp-content\/uploads\/2022\/04\/villa-sule-mare-tecnomar-44-ibiza\" \/>\n\t<meta property=\"og:image:width\" content=\"2048\" \/>\n\t<meta property=\"og:image:height\" content=\"652\" \/>\n\t<meta property=\"og:image:type\" content=\"image\/jpeg\" \/>\n<meta name=\"twitter:card\" content=\"summary_large_image\" \/>\n<meta name=\"twitter:title\" content=\"Location de Yachts de luxe \u00e0 IBIZA - SunMarine\u00ae Ibiza\" \/>\n<meta name=\"twitter:description\" content=\"Depuis 25 ans sommes sp\u00e9cialis\u00e9s dans la location de M\u00e9ga Yachts, Super Yachts et Yachts de Luxe \u00e0 IBIZA - Confiez- nous l\u2019organisation de votre croisi\u00e8re I SunMarine\u00ae\" \/>\n<meta name=\"twitter:image\" content=\"https:\/\/www.sunmarineibiza.com\/wp-content\/uploads\/2022\/04\/villa-sule-mare-tecnomar-44-ibiza\" \/>\n<meta name=\"twitter:site\" content=\"@SunMarineIbiza\" \/>\n<meta name=\"twitter:label1\" content=\"Dur\u00e9e de lecture estim\u00e9e\" \/>\n\t<meta name=\"twitter:data1\" content=\"5 minutes\" \/>\n<script type=\"application\/ld+json\" class=\"yoast-schema-graph\">{\"@context\":\"https:\\\/\\\/schema.org\",\"@graph\":[{\"@type\":\"WebPage\",\"@id\":\"https:\\\/\\\/www.sunmarineibiza.com\\\/fr\\\/notre-passion-la-location-de-yachts-de-luxe-a-ibiza\\\/\",\"url\":\"https:\\\/\\\/www.sunmarineibiza.com\\\/fr\\\/notre-passion-la-location-de-yachts-de-luxe-a-ibiza\\\/\",\"name\":\"Location de Yachts de luxe \u00e0 IBIZA - SunMarine\u00ae Ibiza\",\"isPartOf\":{\"@id\":\"https:\\\/\\\/www.sunmarineibiza.com\\\/fr\\\/#website\"},\"primaryImageOfPage\":{\"@id\":\"https:\\\/\\\/www.sunmarineibiza.com\\\/fr\\\/notre-passion-la-location-de-yachts-de-luxe-a-ibiza\\\/#primaryimage\"},\"image\":{\"@id\":\"https:\\\/\\\/www.sunmarineibiza.com\\\/fr\\\/notre-passion-la-location-de-yachts-de-luxe-a-ibiza\\\/#primaryimage\"},\"thumbnailUrl\":\"https:\\\/\\\/www.sunmarineibiza.com\\\/wp-content\\\/uploads\\\/2022\\\/04\\\/villa-sule-mare-tecnomar-44-ibiza\",\"datePublished\":\"2022-03-26T16:23:12+00:00\",\"dateModified\":\"2025-10-14T10:52:00+00:00\",\"description\":\"Depuis 25 ans sommes sp\u00e9cialis\u00e9s dans la location de M\u00e9ga Yachts, Super Yachts et Yachts de Luxe \u00e0 IBIZA - Confiez- nous l\u2019organisation de votre croisi\u00e8re I SunMarine\u00ae\",\"breadcrumb\":{\"@id\":\"https:\\\/\\\/www.sunmarineibiza.com\\\/fr\\\/notre-passion-la-location-de-yachts-de-luxe-a-ibiza\\\/#breadcrumb\"},\"inLanguage\":\"fr-FR\",\"potentialAction\":[{\"@type\":\"ReadAction\",\"target\":[\"https:\\\/\\\/www.sunmarineibiza.com\\\/fr\\\/notre-passion-la-location-de-yachts-de-luxe-a-ibiza\\\/\"]}]},{\"@type\":\"ImageObject\",\"inLanguage\":\"fr-FR\",\"@id\":\"https:\\\/\\\/www.sunmarineibiza.com\\\/fr\\\/notre-passion-la-location-de-yachts-de-luxe-a-ibiza\\\/#primaryimage\",\"url\":\"https:\\\/\\\/www.sunmarineibiza.com\\\/wp-content\\\/uploads\\\/2022\\\/04\\\/villa-sule-mare-tecnomar-44-ibiza\",\"contentUrl\":\"https:\\\/\\\/www.sunmarineibiza.com\\\/wp-content\\\/uploads\\\/2022\\\/04\\\/villa-sule-mare-tecnomar-44-ibiza\",\"width\":2048,\"height\":652,\"caption\":\"tecnomar 44 villa sule mare \u00e0 ibiza\"},{\"@type\":\"BreadcrumbList\",\"@id\":\"https:\\\/\\\/www.sunmarineibiza.com\\\/fr\\\/notre-passion-la-location-de-yachts-de-luxe-a-ibiza\\\/#breadcrumb\",\"itemListElement\":[{\"@type\":\"ListItem\",\"position\":1,\"name\":\"Inicio\",\"item\":\"https:\\\/\\\/www.sunmarineibiza.com\\\/fr\\\/\"},{\"@type\":\"ListItem\",\"position\":2,\"name\":\"&#8211; Notre passion: la location de yachts de luxe \u00e0 Ibiza\"}]},{\"@type\":\"WebSite\",\"@id\":\"https:\\\/\\\/www.sunmarineibiza.com\\\/fr\\\/#website\",\"url\":\"https:\\\/\\\/www.sunmarineibiza.com\\\/fr\\\/\",\"name\":\"SunMarine\u00ae Ibiza\",\"description\":\"Agence de Location &amp; Vente de Bateaux &amp; Yachts depuis 1997\",\"publisher\":{\"@id\":\"https:\\\/\\\/www.sunmarineibiza.com\\\/fr\\\/#organization\"},\"potentialAction\":[{\"@type\":\"SearchAction\",\"target\":{\"@type\":\"EntryPoint\",\"urlTemplate\":\"https:\\\/\\\/www.sunmarineibiza.com\\\/fr\\\/?s={search_term_string}\"},\"query-input\":{\"@type\":\"PropertyValueSpecification\",\"valueRequired\":true,\"valueName\":\"search_term_string\"}}],\"inLanguage\":\"fr-FR\"},{\"@type\":\"Organization\",\"@id\":\"https:\\\/\\\/www.sunmarineibiza.com\\\/fr\\\/#organization\",\"name\":\"SunMarine\u00ae Ibiza\",\"url\":\"https:\\\/\\\/www.sunmarineibiza.com\\\/fr\\\/\",\"logo\":{\"@type\":\"ImageObject\",\"inLanguage\":\"fr-FR\",\"@id\":\"https:\\\/\\\/www.sunmarineibiza.com\\\/fr\\\/#\\\/schema\\\/logo\\\/image\\\/\",\"url\":\"https:\\\/\\\/www.sunmarineibiza.com\\\/wp-content\\\/uploads\\\/2022\\\/04\\\/logo-sunmarine.png\",\"contentUrl\":\"https:\\\/\\\/www.sunmarineibiza.com\\\/wp-content\\\/uploads\\\/2022\\\/04\\\/logo-sunmarine.png\",\"width\":198,\"height\":100,\"caption\":\"SunMarine\u00ae Ibiza\"},\"image\":{\"@id\":\"https:\\\/\\\/www.sunmarineibiza.com\\\/fr\\\/#\\\/schema\\\/logo\\\/image\\\/\"},\"sameAs\":[\"https:\\\/\\\/www.facebook.com\\\/ibizasunmarine\\\/\",\"https:\\\/\\\/x.com\\\/SunMarineIbiza\",\"https:\\\/\\\/www.instagram.com\\\/sunmarineibiza\\\/\",\"https:\\\/\\\/www.youtube.com\\\/user\\\/SunMarineIbiza1\"]}]}<\/script>\n<!-- \/ Yoast SEO plugin. -->","yoast_head_json":{"title":"Location de Yachts de luxe \u00e0 IBIZA - SunMarine\u00ae Ibiza","description":"Depuis 25 ans sommes sp\u00e9cialis\u00e9s dans la location de M\u00e9ga Yachts, Super Yachts et Yachts de Luxe \u00e0 IBIZA - Confiez- nous l\u2019organisation de votre croisi\u00e8re I SunMarine\u00ae","robots":{"index":"index","follow":"follow","max-snippet":"max-snippet:-1","max-image-preview":"max-image-preview:large","max-video-preview":"max-video-preview:-1"},"canonical":"https:\/\/www.sunmarineibiza.com\/fr\/notre-passion-la-location-de-yachts-de-luxe-a-ibiza\/","og_locale":"fr_FR","og_type":"article","og_title":"Location de Yachts de luxe \u00e0 IBIZA - SunMarine\u00ae Ibiza","og_description":"Depuis 25 ans sommes sp\u00e9cialis\u00e9s dans la location de M\u00e9ga Yachts, Super Yachts et Yachts de Luxe \u00e0 IBIZA - Confiez- nous l\u2019organisation de votre croisi\u00e8re I SunMarine\u00ae","og_url":"https:\/\/www.sunmarineibiza.com\/fr\/notre-passion-la-location-de-yachts-de-luxe-a-ibiza\/","og_site_name":"SunMarine\u00ae Ibiza","article_publisher":"https:\/\/www.facebook.com\/ibizasunmarine\/","article_modified_time":"2025-10-14T10:52:00+00:00","og_image":[{"width":2048,"height":652,"url":"https:\/\/www.sunmarineibiza.com\/wp-content\/uploads\/2022\/04\/villa-sule-mare-tecnomar-44-ibiza","type":"image\/jpeg"}],"twitter_card":"summary_large_image","twitter_title":"Location de Yachts de luxe \u00e0 IBIZA - SunMarine\u00ae Ibiza","twitter_description":"Depuis 25 ans sommes sp\u00e9cialis\u00e9s dans la location de M\u00e9ga Yachts, Super Yachts et Yachts de Luxe \u00e0 IBIZA - Confiez- nous l\u2019organisation de votre croisi\u00e8re I SunMarine\u00ae","twitter_image":"https:\/\/www.sunmarineibiza.com\/wp-content\/uploads\/2022\/04\/villa-sule-mare-tecnomar-44-ibiza","twitter_site":"@SunMarineIbiza","twitter_misc":{"Dur\u00e9e de lecture estim\u00e9e":"5 minutes"},"schema":{"@context":"https:\/\/schema.org","@graph":[{"@type":"WebPage","@id":"https:\/\/www.sunmarineibiza.com\/fr\/notre-passion-la-location-de-yachts-de-luxe-a-ibiza\/","url":"https:\/\/www.sunmarineibiza.com\/fr\/notre-passion-la-location-de-yachts-de-luxe-a-ibiza\/","name":"Location de Yachts de luxe \u00e0 IBIZA - SunMarine\u00ae Ibiza","isPartOf":{"@id":"https:\/\/www.sunmarineibiza.com\/fr\/#website"},"primaryImageOfPage":{"@id":"https:\/\/www.sunmarineibiza.com\/fr\/notre-passion-la-location-de-yachts-de-luxe-a-ibiza\/#primaryimage"},"image":{"@id":"https:\/\/www.sunmarineibiza.com\/fr\/notre-passion-la-location-de-yachts-de-luxe-a-ibiza\/#primaryimage"},"thumbnailUrl":"https:\/\/www.sunmarineibiza.com\/wp-content\/uploads\/2022\/04\/villa-sule-mare-tecnomar-44-ibiza","datePublished":"2022-03-26T16:23:12+00:00","dateModified":"2025-10-14T10:52:00+00:00","description":"Depuis 25 ans sommes sp\u00e9cialis\u00e9s dans la location de M\u00e9ga Yachts, Super Yachts et Yachts de Luxe \u00e0 IBIZA - Confiez- nous l\u2019organisation de votre croisi\u00e8re I SunMarine\u00ae","breadcrumb":{"@id":"https:\/\/www.sunmarineibiza.com\/fr\/notre-passion-la-location-de-yachts-de-luxe-a-ibiza\/#breadcrumb"},"inLanguage":"fr-FR","potentialAction":[{"@type":"ReadAction","target":["https:\/\/www.sunmarineibiza.com\/fr\/notre-passion-la-location-de-yachts-de-luxe-a-ibiza\/"]}]},{"@type":"ImageObject","inLanguage":"fr-FR","@id":"https:\/\/www.sunmarineibiza.com\/fr\/notre-passion-la-location-de-yachts-de-luxe-a-ibiza\/#primaryimage","url":"https:\/\/www.sunmarineibiza.com\/wp-content\/uploads\/2022\/04\/villa-sule-mare-tecnomar-44-ibiza","contentUrl":"https:\/\/www.sunmarineibiza.com\/wp-content\/uploads\/2022\/04\/villa-sule-mare-tecnomar-44-ibiza","width":2048,"height":652,"caption":"tecnomar 44 villa sule mare \u00e0 ibiza"},{"@type":"BreadcrumbList","@id":"https:\/\/www.sunmarineibiza.com\/fr\/notre-passion-la-location-de-yachts-de-luxe-a-ibiza\/#breadcrumb","itemListElement":[{"@type":"ListItem","position":1,"name":"Inicio","item":"https:\/\/www.sunmarineibiza.com\/fr\/"},{"@type":"ListItem","position":2,"name":"&#8211; Notre passion: la location de yachts de luxe \u00e0 Ibiza"}]},{"@type":"WebSite","@id":"https:\/\/www.sunmarineibiza.com\/fr\/#website","url":"https:\/\/www.sunmarineibiza.com\/fr\/","name":"SunMarine\u00ae Ibiza","description":"Agence de Location &amp; Vente de Bateaux &amp; Yachts depuis 1997","publisher":{"@id":"https:\/\/www.sunmarineibiza.com\/fr\/#organization"},"potentialAction":[{"@type":"SearchAction","target":{"@type":"EntryPoint","urlTemplate":"https:\/\/www.sunmarineibiza.com\/fr\/?s={search_term_string}"},"query-input":{"@type":"PropertyValueSpecification","valueRequired":true,"valueName":"search_term_string"}}],"inLanguage":"fr-FR"},{"@type":"Organization","@id":"https:\/\/www.sunmarineibiza.com\/fr\/#organization","name":"SunMarine\u00ae Ibiza","url":"https:\/\/www.sunmarineibiza.com\/fr\/","logo":{"@type":"ImageObject","inLanguage":"fr-FR","@id":"https:\/\/www.sunmarineibiza.com\/fr\/#\/schema\/logo\/image\/","url":"https:\/\/www.sunmarineibiza.com\/wp-content\/uploads\/2022\/04\/logo-sunmarine.png","contentUrl":"https:\/\/www.sunmarineibiza.com\/wp-content\/uploads\/2022\/04\/logo-sunmarine.png","width":198,"height":100,"caption":"SunMarine\u00ae Ibiza"},"image":{"@id":"https:\/\/www.sunmarineibiza.com\/fr\/#\/schema\/logo\/image\/"},"sameAs":["https:\/\/www.facebook.com\/ibizasunmarine\/","https:\/\/x.com\/SunMarineIbiza","https:\/\/www.instagram.com\/sunmarineibiza\/","https:\/\/www.youtube.com\/user\/SunMarineIbiza1"]}]}},"_links":{"self":[{"href":"https:\/\/www.sunmarineibiza.com\/fr\/wp-json\/wp\/v2\/pages\/253","targetHints":{"allow":["GET"]}}],"collection":[{"href":"https:\/\/www.sunmarineibiza.com\/fr\/wp-json\/wp\/v2\/pages"}],"about":[{"href":"https:\/\/www.sunmarineibiza.com\/fr\/wp-json\/wp\/v2\/types\/page"}],"author":[{"embeddable":true,"href":"https:\/\/www.sunmarineibiza.com\/fr\/wp-json\/wp\/v2\/users\/1"}],"replies":[{"embeddable":true,"href":"https:\/\/www.sunmarineibiza.com\/fr\/wp-json\/wp\/v2\/comments?post=253"}],"version-history":[{"count":33,"href":"https:\/\/www.sunmarineibiza.com\/fr\/wp-json\/wp\/v2\/pages\/253\/revisions"}],"predecessor-version":[{"id":10074,"href":"https:\/\/www.sunmarineibiza.com\/fr\/wp-json\/wp\/v2\/pages\/253\/revisions\/10074"}],"wp:featuredmedia":[{"embeddable":true,"href":"https:\/\/www.sunmarineibiza.com\/fr\/wp-json\/wp\/v2\/media\/606"}],"wp:attachment":[{"href":"https:\/\/www.sunmarineibiza.com\/fr\/wp-json\/wp\/v2\/media?parent=253"}],"curies":[{"name":"wp","href":"https:\/\/api.w.org\/{rel}","templated":true}]}}