{"id":11,"date":"2022-03-17T20:50:27","date_gmt":"2022-03-17T20:50:27","guid":{"rendered":"https:\/\/www.sunmarineibiza.com\/wp\/\/?page_id=11"},"modified":"2025-10-15T17:27:40","modified_gmt":"2025-10-15T17:27:40","slug":"location-de-bateau-ibiza-formentera","status":"publish","type":"page","link":"https:\/\/www.sunmarineibiza.com\/fr\/location-de-bateau-ibiza-formentera\/","title":{"rendered":"Choisissez votre bateau"},"content":{"rendered":"","protected":false},"excerpt":{"rendered":"","protected":false},"author":1,"featured_media":120,"parent":0,"menu_order":0,"comment_status":"closed","ping_status":"closed","template":"embarcaciones-alquiler.php","meta":{"_acf_changed":false,"footnotes":""},"class_list":["post-11","page","type-page","status-publish","has-post-thumbnail","hentry"],"acf":[],"yoast_head":"<!-- This site is optimized with the Yoast SEO plugin v27.5 - https:\/\/yoast.com\/product\/yoast-seo-wordpress\/ -->\n<title>Location de yachts \u00e0 Ibiza et Formentera | Avec \u00e9quipage | SunMarine<\/title>\n<meta name=\"description\" content=\"Yachts avec \u00e9quipage local. D\u00e9parts depuis Marina Ibiza. Itin\u00e9raires Ibiza\u2013Formentera. Saison 2026.\" \/>\n<meta name=\"robots\" content=\"index, follow, max-snippet:-1, max-image-preview:large, max-video-preview:-1\" \/>\n<link rel=\"canonical\" href=\"https:\/\/www.sunmarineibiza.com\/fr\/choisissez-votre-bateau\/\" \/>\n<meta property=\"og:locale\" content=\"fr_FR\" \/>\n<meta property=\"og:type\" content=\"article\" \/>\n<meta property=\"og:title\" content=\"Location de yachts \u00e0 Ibiza et Formentera | Avec \u00e9quipage | SunMarine\" \/>\n<meta property=\"og:description\" content=\"Yachts avec \u00e9quipage local. D\u00e9parts depuis Marina Ibiza. Itin\u00e9raires Ibiza\u2013Formentera. Saison 2026.\" \/>\n<meta property=\"og:url\" content=\"https:\/\/www.sunmarineibiza.com\/fr\/choisissez-votre-bateau\/\" \/>\n<meta property=\"og:site_name\" content=\"SunMarine\u00ae Ibiza\" \/>\n<meta property=\"article:publisher\" content=\"https:\/\/www.facebook.com\/ibizasunmarine\/\" \/>\n<meta property=\"article:modified_time\" content=\"2025-10-15T17:27:40+00:00\" \/>\n<meta property=\"og:image\" content=\"https:\/\/www.sunmarineibiza.com\/wp-content\/uploads\/2025\/04\/WATERDREAM-COLIFORNIA-65-SIR-HOTELS2.jpg\" \/>\n\t<meta property=\"og:image:width\" content=\"798\" \/>\n\t<meta property=\"og:image:height\" content=\"498\" \/>\n\t<meta property=\"og:image:type\" content=\"image\/jpeg\" \/>\n<meta name=\"twitter:card\" content=\"summary_large_image\" \/>\n<meta name=\"twitter:title\" content=\"Location de yachts \u00e0 Ibiza et Formentera | Avec \u00e9quipage | SunMarine\" \/>\n<meta name=\"twitter:description\" content=\"Yachts avec \u00e9quipage local. D\u00e9parts depuis Marina Ibiza. Itin\u00e9raires Ibiza\u2013Formentera. Saison 2026.\" \/>\n<meta name=\"twitter:image\" content=\"https:\/\/www.sunmarineibiza.com\/wp-content\/uploads\/2025\/04\/WATERDREAM-COLIFORNIA-65-SIR-HOTELS2.jpg\" \/>\n<meta name=\"twitter:site\" content=\"@SunMarineIbiza\" \/>\n<meta name=\"twitter:label1\" content=\"Dur\u00e9e de lecture estim\u00e9e\" \/>\n\t<meta name=\"twitter:data1\" content=\"1 minute\" \/>\n<script type=\"application\/ld+json\" class=\"yoast-schema-graph\">{\"@context\":\"https:\\\/\\\/schema.org\",\"@graph\":[{\"@type\":\"WebPage\",\"@id\":\"https:\\\/\\\/www.sunmarineibiza.com\\\/fr\\\/location-de-bateau-ibiza-formentera\\\/\",\"url\":\"https:\\\/\\\/www.sunmarineibiza.com\\\/fr\\\/choisissez-votre-bateau\\\/\",\"name\":\"Location de yachts \u00e0 Ibiza et Formentera | Avec \u00e9quipage | SunMarine\",\"isPartOf\":{\"@id\":\"https:\\\/\\\/www.sunmarineibiza.com\\\/fr\\\/#website\"},\"primaryImageOfPage\":{\"@id\":\"https:\\\/\\\/www.sunmarineibiza.com\\\/fr\\\/choisissez-votre-bateau\\\/#primaryimage\"},\"image\":{\"@id\":\"https:\\\/\\\/www.sunmarineibiza.com\\\/fr\\\/choisissez-votre-bateau\\\/#primaryimage\"},\"thumbnailUrl\":\"https:\\\/\\\/www.sunmarineibiza.com\\\/wp-content\\\/uploads\\\/2022\\\/03\\\/sunseeker-28-metres-vente-ibiza\",\"datePublished\":\"2022-03-17T20:50:27+00:00\",\"dateModified\":\"2025-10-15T17:27:40+00:00\",\"description\":\"Yachts avec \u00e9quipage local. D\u00e9parts depuis Marina Ibiza. Itin\u00e9raires Ibiza\u2013Formentera. Saison 2026.\",\"breadcrumb\":{\"@id\":\"https:\\\/\\\/www.sunmarineibiza.com\\\/fr\\\/choisissez-votre-bateau\\\/#breadcrumb\"},\"inLanguage\":\"fr-FR\",\"potentialAction\":[{\"@type\":\"ReadAction\",\"target\":[\"https:\\\/\\\/www.sunmarineibiza.com\\\/fr\\\/choisissez-votre-bateau\\\/\"]}]},{\"@type\":\"ImageObject\",\"inLanguage\":\"fr-FR\",\"@id\":\"https:\\\/\\\/www.sunmarineibiza.com\\\/fr\\\/choisissez-votre-bateau\\\/#primaryimage\",\"url\":\"https:\\\/\\\/www.sunmarineibiza.com\\\/wp-content\\\/uploads\\\/2022\\\/03\\\/sunseeker-28-metres-vente-ibiza\",\"contentUrl\":\"https:\\\/\\\/www.sunmarineibiza.com\\\/wp-content\\\/uploads\\\/2022\\\/03\\\/sunseeker-28-metres-vente-ibiza\",\"width\":1400,\"height\":788,\"caption\":\"sunseeker 28 m\u00e8tres en vente \u00e0 Ibiza\"},{\"@type\":\"BreadcrumbList\",\"@id\":\"https:\\\/\\\/www.sunmarineibiza.com\\\/fr\\\/choisissez-votre-bateau\\\/#breadcrumb\",\"itemListElement\":[{\"@type\":\"ListItem\",\"position\":1,\"name\":\"Inicio\",\"item\":\"https:\\\/\\\/www.sunmarineibiza.com\\\/fr\\\/\"},{\"@type\":\"ListItem\",\"position\":2,\"name\":\"Choisissez votre bateau\"}]},{\"@type\":\"WebSite\",\"@id\":\"https:\\\/\\\/www.sunmarineibiza.com\\\/fr\\\/#website\",\"url\":\"https:\\\/\\\/www.sunmarineibiza.com\\\/fr\\\/\",\"name\":\"SunMarine\u00ae Ibiza\",\"description\":\"Agence de Location &amp; Vente de Bateaux &amp; Yachts depuis 1997\",\"publisher\":{\"@id\":\"https:\\\/\\\/www.sunmarineibiza.com\\\/fr\\\/#organization\"},\"potentialAction\":[{\"@type\":\"SearchAction\",\"target\":{\"@type\":\"EntryPoint\",\"urlTemplate\":\"https:\\\/\\\/www.sunmarineibiza.com\\\/fr\\\/?s={search_term_string}\"},\"query-input\":{\"@type\":\"PropertyValueSpecification\",\"valueRequired\":true,\"valueName\":\"search_term_string\"}}],\"inLanguage\":\"fr-FR\"},{\"@type\":\"Organization\",\"@id\":\"https:\\\/\\\/www.sunmarineibiza.com\\\/fr\\\/#organization\",\"name\":\"SunMarine\u00ae Ibiza\",\"url\":\"https:\\\/\\\/www.sunmarineibiza.com\\\/fr\\\/\",\"logo\":{\"@type\":\"ImageObject\",\"inLanguage\":\"fr-FR\",\"@id\":\"https:\\\/\\\/www.sunmarineibiza.com\\\/fr\\\/#\\\/schema\\\/logo\\\/image\\\/\",\"url\":\"https:\\\/\\\/www.sunmarineibiza.com\\\/wp-content\\\/uploads\\\/2022\\\/04\\\/logo-sunmarine.png\",\"contentUrl\":\"https:\\\/\\\/www.sunmarineibiza.com\\\/wp-content\\\/uploads\\\/2022\\\/04\\\/logo-sunmarine.png\",\"width\":198,\"height\":100,\"caption\":\"SunMarine\u00ae Ibiza\"},\"image\":{\"@id\":\"https:\\\/\\\/www.sunmarineibiza.com\\\/fr\\\/#\\\/schema\\\/logo\\\/image\\\/\"},\"sameAs\":[\"https:\\\/\\\/www.facebook.com\\\/ibizasunmarine\\\/\",\"https:\\\/\\\/x.com\\\/SunMarineIbiza\",\"https:\\\/\\\/www.instagram.com\\\/sunmarineibiza\\\/\",\"https:\\\/\\\/www.youtube.com\\\/user\\\/SunMarineIbiza1\"]}]}<\/script>\n<!-- \/ Yoast SEO plugin. -->","yoast_head_json":{"title":"Location de yachts \u00e0 Ibiza et Formentera | Avec \u00e9quipage | SunMarine","description":"Yachts avec \u00e9quipage local. D\u00e9parts depuis Marina Ibiza. Itin\u00e9raires Ibiza\u2013Formentera. Saison 2026.","robots":{"index":"index","follow":"follow","max-snippet":"max-snippet:-1","max-image-preview":"max-image-preview:large","max-video-preview":"max-video-preview:-1"},"canonical":"https:\/\/www.sunmarineibiza.com\/fr\/choisissez-votre-bateau\/","og_locale":"fr_FR","og_type":"article","og_title":"Location de yachts \u00e0 Ibiza et Formentera | Avec \u00e9quipage | SunMarine","og_description":"Yachts avec \u00e9quipage local. D\u00e9parts depuis Marina Ibiza. Itin\u00e9raires Ibiza\u2013Formentera. Saison 2026.","og_url":"https:\/\/www.sunmarineibiza.com\/fr\/choisissez-votre-bateau\/","og_site_name":"SunMarine\u00ae Ibiza","article_publisher":"https:\/\/www.facebook.com\/ibizasunmarine\/","article_modified_time":"2025-10-15T17:27:40+00:00","og_image":[{"width":798,"height":498,"url":"https:\/\/www.sunmarineibiza.com\/wp-content\/uploads\/2025\/04\/WATERDREAM-COLIFORNIA-65-SIR-HOTELS2.jpg","type":"image\/jpeg"}],"twitter_card":"summary_large_image","twitter_title":"Location de yachts \u00e0 Ibiza et Formentera | Avec \u00e9quipage | SunMarine","twitter_description":"Yachts avec \u00e9quipage local. D\u00e9parts depuis Marina Ibiza. Itin\u00e9raires Ibiza\u2013Formentera. Saison 2026.","twitter_image":"https:\/\/www.sunmarineibiza.com\/wp-content\/uploads\/2025\/04\/WATERDREAM-COLIFORNIA-65-SIR-HOTELS2.jpg","twitter_site":"@SunMarineIbiza","twitter_misc":{"Dur\u00e9e de lecture estim\u00e9e":"1 minute"},"schema":{"@context":"https:\/\/schema.org","@graph":[{"@type":"WebPage","@id":"https:\/\/www.sunmarineibiza.com\/fr\/location-de-bateau-ibiza-formentera\/","url":"https:\/\/www.sunmarineibiza.com\/fr\/choisissez-votre-bateau\/","name":"Location de yachts \u00e0 Ibiza et Formentera | Avec \u00e9quipage | SunMarine","isPartOf":{"@id":"https:\/\/www.sunmarineibiza.com\/fr\/#website"},"primaryImageOfPage":{"@id":"https:\/\/www.sunmarineibiza.com\/fr\/choisissez-votre-bateau\/#primaryimage"},"image":{"@id":"https:\/\/www.sunmarineibiza.com\/fr\/choisissez-votre-bateau\/#primaryimage"},"thumbnailUrl":"https:\/\/www.sunmarineibiza.com\/wp-content\/uploads\/2022\/03\/sunseeker-28-metres-vente-ibiza","datePublished":"2022-03-17T20:50:27+00:00","dateModified":"2025-10-15T17:27:40+00:00","description":"Yachts avec \u00e9quipage local. D\u00e9parts depuis Marina Ibiza. Itin\u00e9raires Ibiza\u2013Formentera. Saison 2026.","breadcrumb":{"@id":"https:\/\/www.sunmarineibiza.com\/fr\/choisissez-votre-bateau\/#breadcrumb"},"inLanguage":"fr-FR","potentialAction":[{"@type":"ReadAction","target":["https:\/\/www.sunmarineibiza.com\/fr\/choisissez-votre-bateau\/"]}]},{"@type":"ImageObject","inLanguage":"fr-FR","@id":"https:\/\/www.sunmarineibiza.com\/fr\/choisissez-votre-bateau\/#primaryimage","url":"https:\/\/www.sunmarineibiza.com\/wp-content\/uploads\/2022\/03\/sunseeker-28-metres-vente-ibiza","contentUrl":"https:\/\/www.sunmarineibiza.com\/wp-content\/uploads\/2022\/03\/sunseeker-28-metres-vente-ibiza","width":1400,"height":788,"caption":"sunseeker 28 m\u00e8tres en vente \u00e0 Ibiza"},{"@type":"BreadcrumbList","@id":"https:\/\/www.sunmarineibiza.com\/fr\/choisissez-votre-bateau\/#breadcrumb","itemListElement":[{"@type":"ListItem","position":1,"name":"Inicio","item":"https:\/\/www.sunmarineibiza.com\/fr\/"},{"@type":"ListItem","position":2,"name":"Choisissez votre bateau"}]},{"@type":"WebSite","@id":"https:\/\/www.sunmarineibiza.com\/fr\/#website","url":"https:\/\/www.sunmarineibiza.com\/fr\/","name":"SunMarine\u00ae Ibiza","description":"Agence de Location &amp; Vente de Bateaux &amp; Yachts depuis 1997","publisher":{"@id":"https:\/\/www.sunmarineibiza.com\/fr\/#organization"},"potentialAction":[{"@type":"SearchAction","target":{"@type":"EntryPoint","urlTemplate":"https:\/\/www.sunmarineibiza.com\/fr\/?s={search_term_string}"},"query-input":{"@type":"PropertyValueSpecification","valueRequired":true,"valueName":"search_term_string"}}],"inLanguage":"fr-FR"},{"@type":"Organization","@id":"https:\/\/www.sunmarineibiza.com\/fr\/#organization","name":"SunMarine\u00ae Ibiza","url":"https:\/\/www.sunmarineibiza.com\/fr\/","logo":{"@type":"ImageObject","inLanguage":"fr-FR","@id":"https:\/\/www.sunmarineibiza.com\/fr\/#\/schema\/logo\/image\/","url":"https:\/\/www.sunmarineibiza.com\/wp-content\/uploads\/2022\/04\/logo-sunmarine.png","contentUrl":"https:\/\/www.sunmarineibiza.com\/wp-content\/uploads\/2022\/04\/logo-sunmarine.png","width":198,"height":100,"caption":"SunMarine\u00ae Ibiza"},"image":{"@id":"https:\/\/www.sunmarineibiza.com\/fr\/#\/schema\/logo\/image\/"},"sameAs":["https:\/\/www.facebook.com\/ibizasunmarine\/","https:\/\/x.com\/SunMarineIbiza","https:\/\/www.instagram.com\/sunmarineibiza\/","https:\/\/www.youtube.com\/user\/SunMarineIbiza1"]}]}},"_links":{"self":[{"href":"https:\/\/www.sunmarineibiza.com\/fr\/wp-json\/wp\/v2\/pages\/11","targetHints":{"allow":["GET"]}}],"collection":[{"href":"https:\/\/www.sunmarineibiza.com\/fr\/wp-json\/wp\/v2\/pages"}],"about":[{"href":"https:\/\/www.sunmarineibiza.com\/fr\/wp-json\/wp\/v2\/types\/page"}],"author":[{"embeddable":true,"href":"https:\/\/www.sunmarineibiza.com\/fr\/wp-json\/wp\/v2\/users\/1"}],"replies":[{"embeddable":true,"href":"https:\/\/www.sunmarineibiza.com\/fr\/wp-json\/wp\/v2\/comments?post=11"}],"version-history":[{"count":27,"href":"https:\/\/www.sunmarineibiza.com\/fr\/wp-json\/wp\/v2\/pages\/11\/revisions"}],"predecessor-version":[{"id":10091,"href":"https:\/\/www.sunmarineibiza.com\/fr\/wp-json\/wp\/v2\/pages\/11\/revisions\/10091"}],"wp:featuredmedia":[{"embeddable":true,"href":"https:\/\/www.sunmarineibiza.com\/fr\/wp-json\/wp\/v2\/media\/120"}],"wp:attachment":[{"href":"https:\/\/www.sunmarineibiza.com\/fr\/wp-json\/wp\/v2\/media?parent=11"}],"curies":[{"name":"wp","href":"https:\/\/api.w.org\/{rel}","templated":true}]}}